{"id":183,"date":"2026-01-23T15:24:01","date_gmt":"2026-01-23T15:24:01","guid":{"rendered":"https:\/\/radio2.ladiscusion.cl\/?page_id=183"},"modified":"2026-01-23T16:09:06","modified_gmt":"2026-01-23T16:09:06","slug":"nuestra-historia","status":"publish","type":"page","link":"https:\/\/radio2.ladiscusion.cl\/?page_id=183","title":{"rendered":"Nuestra Historia"},"content":{"rendered":"\t\t<div data-elementor-type=\"wp-page\" data-elementor-id=\"183\" class=\"elementor elementor-183\">\n\t\t\t\t<div class=\"elementor-element elementor-element-d8b61f5 e-flex e-con-boxed wpr-particle-no wpr-jarallax-no wpr-parallax-no wpr-sticky-section-no e-con e-parent\" data-id=\"d8b61f5\" data-element_type=\"container\">\n\t\t\t\t\t<div class=\"e-con-inner\">\n\t\t\t\t<div class=\"elementor-element elementor-element-2e8db3c elementor-widget elementor-widget-spacer\" data-id=\"2e8db3c\" data-element_type=\"widget\" data-widget_type=\"spacer.default\">\n\t\t\t\t\t\t\t<div class=\"elementor-spacer\">\n\t\t\t<div class=\"elementor-spacer-inner\"><\/div>\n\t\t<\/div>\n\t\t\t\t\t\t<\/div>\n\t\t\t\t\t<\/div>\n\t\t\t\t<\/div>\n\t\t<div class=\"elementor-element elementor-element-116bdb6 e-con-full e-flex wpr-particle-no wpr-jarallax-no wpr-parallax-no wpr-sticky-section-no e-con e-parent\" data-id=\"116bdb6\" data-element_type=\"container\">\n\t\t\t\t<div class=\"elementor-element elementor-element-a2f2094 elementor-invisible elementor-widget elementor-widget-heading\" data-id=\"a2f2094\" data-element_type=\"widget\" data-settings=\"{&quot;_animation&quot;:&quot;fadeIn&quot;}\" data-widget_type=\"heading.default\">\n\t\t\t\t\t<h2 class=\"elementor-heading-title elementor-size-default\">Nuestra Historia<\/h2>\t\t\t\t<\/div>\n\t\t\t\t<\/div>\n\t\t<div class=\"elementor-element elementor-element-1118443 e-flex e-con-boxed wpr-particle-no wpr-jarallax-no wpr-parallax-no wpr-sticky-section-no e-con e-parent\" data-id=\"1118443\" data-element_type=\"container\">\n\t\t\t\t\t<div class=\"e-con-inner\">\n\t\t\t\t<div class=\"elementor-element elementor-element-8b27091 elementor-widget elementor-widget-spacer\" data-id=\"8b27091\" data-element_type=\"widget\" data-widget_type=\"spacer.default\">\n\t\t\t\t\t\t\t<div class=\"elementor-spacer\">\n\t\t\t<div class=\"elementor-spacer-inner\"><\/div>\n\t\t<\/div>\n\t\t\t\t\t\t<\/div>\n\t\t\t\t\t<\/div>\n\t\t\t\t<\/div>\n\t\t<div class=\"elementor-element elementor-element-896bdee e-con-full e-flex wpr-particle-no wpr-jarallax-no wpr-parallax-no wpr-sticky-section-no e-con e-parent\" data-id=\"896bdee\" data-element_type=\"container\">\n\t\t<div class=\"elementor-element elementor-element-62db528 e-con-full e-flex wpr-particle-no wpr-jarallax-no wpr-parallax-no wpr-sticky-section-no e-con e-child\" data-id=\"62db528\" data-element_type=\"container\">\n\t\t\t\t<div class=\"elementor-element elementor-element-9025cf3 elementor-widget elementor-widget-image\" data-id=\"9025cf3\" data-element_type=\"widget\" data-widget_type=\"image.default\">\n\t\t\t\t\t\t\t\t\t\t\t\t\t\t\t<img fetchpriority=\"high\" decoding=\"async\" width=\"800\" height=\"534\" src=\"https:\/\/radio2.ladiscusion.cl\/wp-content\/uploads\/2026\/01\/waterfall-9642279_1920-1024x683.jpg\" class=\"attachment-large size-large wp-image-27\" alt=\"\" srcset=\"https:\/\/radio2.ladiscusion.cl\/wp-content\/uploads\/2026\/01\/waterfall-9642279_1920-1024x683.jpg 1024w, https:\/\/radio2.ladiscusion.cl\/wp-content\/uploads\/2026\/01\/waterfall-9642279_1920-300x200.jpg 300w, https:\/\/radio2.ladiscusion.cl\/wp-content\/uploads\/2026\/01\/waterfall-9642279_1920-768x512.jpg 768w, https:\/\/radio2.ladiscusion.cl\/wp-content\/uploads\/2026\/01\/waterfall-9642279_1920-1536x1024.jpg 1536w, https:\/\/radio2.ladiscusion.cl\/wp-content\/uploads\/2026\/01\/waterfall-9642279_1920.jpg 1920w\" sizes=\"(max-width: 800px) 100vw, 800px\" \/>\t\t\t\t\t\t\t\t\t\t\t\t\t\t\t<\/div>\n\t\t\t\t<\/div>\n\t\t<div class=\"elementor-element elementor-element-fd6ea52 e-con-full e-flex wpr-particle-no wpr-jarallax-no wpr-parallax-no wpr-sticky-section-no e-con e-child\" data-id=\"fd6ea52\" data-element_type=\"container\">\n\t\t\t\t<div class=\"elementor-element elementor-element-618880b elementor-widget elementor-widget-text-editor\" data-id=\"618880b\" data-element_type=\"widget\" data-widget_type=\"text-editor.default\">\n\t\t\t\t\t\t\t\t\t<p class=\"text-lg text-gray-700 leading-relaxed\">San Vicente es un destino que combina la belleza natural con la tranquilidad de la monta\u00f1a. Nuestros espacios han sido cuidadosamente preservados para ofrecer a los visitantes una experiencia aut\u00e9ntica en contacto con la naturaleza.<\/p><p class=\"text-lg text-gray-700 leading-relaxed\">Desde hace a\u00f1os, hemos trabajado para crear un lugar donde las familias y aventureros pueden disfrutar de la paz y la serenidad que solo la naturaleza puede brindar. Cada rinc\u00f3n de San Vicente cuenta una historia de respeto por el medio ambiente y pasi\u00f3n por el turismo sostenible.<\/p><p class=\"text-lg text-gray-700 leading-relaxed\">Te invitamos a ser parte de esta historia y descubrir todo lo que tenemos para ofrecerte.<\/p>\t\t\t\t\t\t\t\t<\/div>\n\t\t\t\t<div class=\"elementor-element elementor-element-b7cd36f elementor-widget elementor-widget-text-editor\" data-id=\"b7cd36f\" data-element_type=\"widget\" data-widget_type=\"text-editor.default\">\n\t\t\t\t\t\t\t\t\t<p class=\"text-lg text-gray-700 leading-relaxed\">San Vicente es un destino que combina la belleza natural con la tranquilidad de la monta\u00f1a. Nuestros espacios han sido cuidadosamente preservados para ofrecer a los visitantes una experiencia aut\u00e9ntica en contacto con la naturaleza.<\/p><p class=\"text-lg text-gray-700 leading-relaxed\">Desde hace a\u00f1os, hemos trabajado para crear un lugar donde las familias y aventureros pueden disfrutar de la paz y la serenidad que solo la naturaleza puede brindar. Cada rinc\u00f3n de San Vicente cuenta una historia de respeto por el medio ambiente y pasi\u00f3n por el turismo sostenible.<\/p><p class=\"text-lg text-gray-700 leading-relaxed\">Te invitamos a ser parte de esta historia y descubrir todo lo que tenemos para ofrecerte.<\/p>\t\t\t\t\t\t\t\t<\/div>\n\t\t\t\t<\/div>\n\t\t\t\t<\/div>\n\t\t<div class=\"elementor-element elementor-element-2318e0f e-flex e-con-boxed wpr-particle-no wpr-jarallax-no wpr-parallax-no wpr-sticky-section-no e-con e-parent\" data-id=\"2318e0f\" data-element_type=\"container\">\n\t\t\t\t\t<div class=\"e-con-inner\">\n\t\t\t\t<div class=\"elementor-element elementor-element-4b6957f elementor-widget elementor-widget-spacer\" data-id=\"4b6957f\" data-element_type=\"widget\" data-widget_type=\"spacer.default\">\n\t\t\t\t\t\t\t<div class=\"elementor-spacer\">\n\t\t\t<div class=\"elementor-spacer-inner\"><\/div>\n\t\t<\/div>\n\t\t\t\t\t\t<\/div>\n\t\t\t\t\t<\/div>\n\t\t\t\t<\/div>\n\t\t<div class=\"elementor-element elementor-element-77ff497 e-con-full e-flex wpr-particle-no wpr-jarallax-no wpr-parallax-no wpr-sticky-section-no e-con e-parent\" data-id=\"77ff497\" data-element_type=\"container\" data-settings=\"{&quot;background_background&quot;:&quot;gradient&quot;}\">\n\t\t\t\t<div class=\"elementor-element elementor-element-f241796 elementor-widget elementor-widget-spacer\" data-id=\"f241796\" data-element_type=\"widget\" data-widget_type=\"spacer.default\">\n\t\t\t\t\t\t\t<div class=\"elementor-spacer\">\n\t\t\t<div class=\"elementor-spacer-inner\"><\/div>\n\t\t<\/div>\n\t\t\t\t\t\t<\/div>\n\t\t\t\t<div class=\"elementor-element elementor-element-364e529 elementor-invisible elementor-widget elementor-widget-heading\" data-id=\"364e529\" data-element_type=\"widget\" data-settings=\"{&quot;_animation&quot;:&quot;fadeIn&quot;}\" data-widget_type=\"heading.default\">\n\t\t\t\t\t<h2 class=\"elementor-heading-title elementor-size-default\">Cont\u00e1ctanos<\/h2>\t\t\t\t<\/div>\n\t\t\t\t<div class=\"elementor-element elementor-element-1634c39 elementor-invisible elementor-widget elementor-widget-heading\" data-id=\"1634c39\" data-element_type=\"widget\" data-settings=\"{&quot;_animation&quot;:&quot;fadeIn&quot;}\" data-widget_type=\"heading.default\">\n\t\t\t\t\t<p class=\"elementor-heading-title elementor-size-default\">\u00bfTienes alguna pregunta? Escr\u00edbenos y te responderemos a la brevedad\n<\/p>\t\t\t\t<\/div>\n\t\t\t\t<div class=\"elementor-element elementor-element-0637a63 elementor-widget elementor-widget-spacer\" data-id=\"0637a63\" data-element_type=\"widget\" data-widget_type=\"spacer.default\">\n\t\t\t\t\t\t\t<div class=\"elementor-spacer\">\n\t\t\t<div class=\"elementor-spacer-inner\"><\/div>\n\t\t<\/div>\n\t\t\t\t\t\t<\/div>\n\t\t\t\t<div class=\"elementor-element elementor-element-c2c3dc6 wpr-step-type-number_text wpr-step-content-layout-vertical wpr-custom-styles-yes elementor-widget elementor-widget-wpr-form-builder\" data-id=\"c2c3dc6\" data-element_type=\"widget\" data-settings=\"{&quot;button_width&quot;:{&quot;unit&quot;:&quot;%&quot;,&quot;size&quot;:90,&quot;sizes&quot;:[]},&quot;success_message&quot;:&quot;Submission successful&quot;,&quot;error_message&quot;:&quot;Submission failed&quot;,&quot;button_width_tablet&quot;:{&quot;unit&quot;:&quot;px&quot;,&quot;size&quot;:&quot;&quot;,&quot;sizes&quot;:[]},&quot;button_width_mobile&quot;:{&quot;unit&quot;:&quot;px&quot;,&quot;size&quot;:&quot;&quot;,&quot;sizes&quot;:[]},&quot;step_type&quot;:&quot;number_text&quot;,&quot;step_content_layout&quot;:&quot;vertical&quot;}\" data-widget_type=\"wpr-form-builder.default\">\n\t\t\t\t\t\t\t<form class=\"wpr-form\" method=\"post\" name=\"New Form\" page=\"Nuestra Historia\" page_id=\"183\" novalidate>\n\t\t\t<input type=\"hidden\" name=\"post_id\" value=\"183\"\/>\n\t\t\t<input type=\"hidden\" name=\"form_id\" value=\"c2c3dc6\"\/>\n\t\t\t<input type=\"hidden\" name=\"referer_title\" value=\"\" \/>\n\n\t\t\t<div class=\"wpr-step-wrap\"><\/div>\n\t\t\t<div class=\"wpr-form-fields-wrap wpr-labels-above\">\n\t\t\t\t\t\t\t\t\t<div class=\"wpr-form-field-type-text wpr-field-group wpr-column wpr-field-group-name elementor-repeater-item-4bafba6\">\n\t\t\t\t\t\t\t\t\t\t\t\t\t\t<label for=\"form-field-name\" class=\"wpr-form-field-label\" data-alt-label=\"Nombre\">\n\t\t\t\t\t\t\t\t\tNombre\t\t\t\t\t\t\t\t<\/label>\n\t\t\t\t\t\t\t<input size=\"1 \"type=\"text\" name=\"form_fields[name]\" id=\"form-field-name\" class=\"wpr-form-field  wpr-form-field-textual\" placeholder=\"Tu nombre completo\">\t\t\t\t\t<\/div>\n\t\t\t\t\t\t\t\t\t<div class=\"wpr-form-field-type-email wpr-field-group wpr-column wpr-field-group-email elementor-repeater-item-b630ae6 wpr-form-field-required\">\n\t\t\t\t\t\t\t\t\t\t\t\t\t\t<label for=\"form-field-email\" class=\"wpr-form-field-label\" data-alt-label=\"Email\">\n\t\t\t\t\t\t\t\t\tEmail\t\t\t\t\t\t\t\t<\/label>\n\t\t\t\t\t\t\t<input size=\"1 \"type=\"email\" name=\"form_fields[email]\" id=\"form-field-email\" class=\"wpr-form-field  wpr-form-field-textual\" placeholder=\"tu@email.com\" required=\"required\" aria-required=\"true\">\t\t\t\t\t<\/div>\n\t\t\t\t\t\t\t\t\t<div class=\"wpr-form-field-type-textarea wpr-field-group wpr-column wpr-field-group-message elementor-repeater-item-8326bfb\">\n\t\t\t\t\t\t\t\t\t\t\t\t\t\t<label for=\"form-field-message\" class=\"wpr-form-field-label\" data-alt-label=\"Mensaje\">\n\t\t\t\t\t\t\t\t\tMensaje\t\t\t\t\t\t\t\t<\/label>\n\t\t\t\t\t\t\t<textarea class=\"wpr-form-field-textual wpr-form-field \" name=\"form_fields[message]\" id=\"form-field-message\" rows=\"7\" placeholder=\"Escribe tu mensaje aqu\u00ed...\"><\/textarea>\t\t\t\t\t<\/div>\n\t\t\t\t<div class=\"wpr-field-group wpr-stp-btns-wrap wpr-column wpr-form-field-type-submit\" data-actions=\"[&quot;email&quot;]\" data-redirect-url=\"\" data-mailchimp-fields=\"{&quot;email_field&quot;:&quot;&quot;,&quot;first_name_field&quot;:&quot;&quot;,&quot;last_name_field&quot;:&quot;&quot;,&quot;address_field&quot;:&quot;&quot;,&quot;phone_field&quot;:&quot;&quot;,&quot;birthday_field&quot;:&quot;&quot;,&quot;group_id&quot;:&quot;&quot;}\" data-list-id=\"\">\t\t\t<button type=\"submit\" class=\"wpr-button\">\n\t\t\t\t<span >\n\t\t\t\t\t\t\t\t\t\t\t\t\t\t\t\t<span>Enviar Mensaje<\/span>\n\t\t\t\t\t\t\t\t\t\t\t\t\t\t<\/span>\t\n\t\t\t\t<div class=\"wpr-double-bounce wpr-loader-hidden\">\n\t\t\t\t\t<div class=\"wpr-child wpr-double-bounce1\"><\/div>\n\t\t\t\t\t<div class=\"wpr-child wpr-double-bounce2\"><\/div>\n\t\t\t\t<\/div>\n\t\t\t<\/button>\n\t\t<\/div>\t\t\t\t\n\t\t\t<\/div>\n\t\t<\/form>\n\t  \t\t\t\t<\/div>\n\t\t\t\t<div class=\"elementor-element elementor-element-725074f elementor-widget elementor-widget-spacer\" data-id=\"725074f\" data-element_type=\"widget\" data-widget_type=\"spacer.default\">\n\t\t\t\t\t\t\t<div class=\"elementor-spacer\">\n\t\t\t<div class=\"elementor-spacer-inner\"><\/div>\n\t\t<\/div>\n\t\t\t\t\t\t<\/div>\n\t\t\t\t<\/div>\n\t\t\t\t<\/div>\n\t\t","protected":false},"excerpt":{"rendered":"<p>Nuestra Historia San Vicente es un destino que combina la belleza natural con la tranquilidad de la monta\u00f1a. Nuestros espacios han sido cuidadosamente preservados para ofrecer a los visitantes una experiencia aut\u00e9ntica en contacto con la naturaleza. Desde hace a\u00f1os, hemos trabajado para crear un lugar donde las familias y aventureros pueden disfrutar de la paz y la serenidad que solo la naturaleza puede brindar. Cada rinc\u00f3n de San Vicente cuenta una historia de respeto por el medio ambiente y pasi\u00f3n por el turismo sostenible. Te invitamos a ser parte de esta historia y descubrir todo lo que tenemos para ofrecerte. San Vicente es un destino que combina la belleza natural con la tranquilidad de la monta\u00f1a. Nuestros espacios han sido cuidadosamente preservados para ofrecer a los visitantes una experiencia aut\u00e9ntica en contacto con la naturaleza. Desde hace a\u00f1os, hemos trabajado para crear un lugar donde las familias y aventureros pueden disfrutar de la paz y la serenidad que solo la naturaleza puede brindar. Cada rinc\u00f3n de San Vicente cuenta una historia de respeto por el medio ambiente y pasi\u00f3n por el turismo sostenible. Te invitamos a ser parte de esta historia y descubrir todo lo que tenemos para ofrecerte. Cont\u00e1ctanos \u00bfTienes alguna pregunta? Escr\u00edbenos y te responderemos a la brevedad Nombre Email Mensaje Enviar Mensaje<\/p>\n","protected":false},"author":2,"featured_media":0,"parent":0,"menu_order":0,"comment_status":"closed","ping_status":"closed","template":"elementor_header_footer","meta":{"footnotes":""},"class_list":["post-183","page","type-page","status-publish","hentry"],"_links":{"self":[{"href":"https:\/\/radio2.ladiscusion.cl\/index.php?rest_route=\/wp\/v2\/pages\/183","targetHints":{"allow":["GET"]}}],"collection":[{"href":"https:\/\/radio2.ladiscusion.cl\/index.php?rest_route=\/wp\/v2\/pages"}],"about":[{"href":"https:\/\/radio2.ladiscusion.cl\/index.php?rest_route=\/wp\/v2\/types\/page"}],"author":[{"embeddable":true,"href":"https:\/\/radio2.ladiscusion.cl\/index.php?rest_route=\/wp\/v2\/users\/2"}],"replies":[{"embeddable":true,"href":"https:\/\/radio2.ladiscusion.cl\/index.php?rest_route=%2Fwp%2Fv2%2Fcomments&post=183"}],"version-history":[{"count":10,"href":"https:\/\/radio2.ladiscusion.cl\/index.php?rest_route=\/wp\/v2\/pages\/183\/revisions"}],"predecessor-version":[{"id":195,"href":"https:\/\/radio2.ladiscusion.cl\/index.php?rest_route=\/wp\/v2\/pages\/183\/revisions\/195"}],"wp:attachment":[{"href":"https:\/\/radio2.ladiscusion.cl\/index.php?rest_route=%2Fwp%2Fv2%2Fmedia&parent=183"}],"curies":[{"name":"wp","href":"https:\/\/api.w.org\/{rel}","templated":true}]}}